{"id":13117,"date":"2025-04-29T14:37:03","date_gmt":"2025-04-29T14:37:03","guid":{"rendered":"https:\/\/www.cupomviagem.com.br\/?page_id=13117"},"modified":"2025-04-29T14:37:03","modified_gmt":"2025-04-29T14:37:03","slug":"privacy-policy","status":"publish","type":"page","link":"https:\/\/www.cupomviagem.com.br\/es\/privacy-policy\/","title":{"rendered":"Pol\u00edtica de privacidad"},"content":{"rendered":"<div class=\"page-header\">\n<h1 class=\"entry-title\">Pol\u00edtica de privacidad<\/h1>\n<\/div>\n<div class=\"page-content\">\n<h1><strong>Pol\u00edtica de privacidad<\/strong><\/h1>\n<p>Nuestro sitio web es www.cupomviagem.com.br<\/p>\n<p>La Pol\u00edtica de Privacidad trata de toda su informaci\u00f3n personal recopilada, que ser\u00e1 utilizada para ayudar a que su visita a nuestro sitio sea lo m\u00e1s productiva y agradable posible.<\/p>\n<p>La garant\u00eda de la confidencialidad de los datos personales de los usuarios de nuestro sitio es importante para Couponviagem<\/p>\n<p>Toda la informaci\u00f3n personal relativa a los afiliados, abonados<\/p>\n<p>clientes o visitantes que utilicen cupomviagem ser\u00e1n tratados de conformidad con la Ley de Protecci\u00f3n de Datos Personales de 26 de octubre de 1998 (Ley n\u00ba 67\/98).<\/p>\n<p>La informaci\u00f3n personal recopilada puede incluir su nombre, direcci\u00f3n de correo electr\u00f3nico, n\u00famero de tel\u00e9fono y\/o m\u00f3vil, direcci\u00f3n, fecha de nacimiento y\/u otros.<\/p>\n<p>El uso de Couponviagem supone la aceptaci\u00f3n de este Acuerdo de Privacidad.<\/p>\n<p>El equipo de couponviagem se reserva el derecho de modificar este acuerdo sin previo aviso.<\/p>\n<p>Por ello, le recomendamos que consulte peri\u00f3dicamente nuestra pol\u00edtica de privacidad para estar siempre al d\u00eda.<\/p>\n<h2><strong>Los anuncios<\/strong><\/h2>\n<p>Al igual que otros sitios web, recopilamos y utilizamos la informaci\u00f3n contenida en los anuncios.<\/p>\n<p>La informaci\u00f3n contenida en los anuncios incluye su direcci\u00f3n IP (Protocolo de Internet),<\/p>\n<p>su ISP (proveedor de servicios de Internet, como Sapo, Clix u otro), el navegador que utiliz\u00f3 al visitar nuestro sitio web (como Internet Explorer o Firefox),<\/p>\n<p>la hora de su visita y las p\u00e1ginas que ha visitado en nuestro sitio web.<\/p>\n<h3><strong>Cookie de DoubleClick Dart<\/strong><\/h3>\n<p>Google, como proveedor externo, utiliza cookies para publicar anuncios en nuestro sitio web;<\/p>\n<p>Con la cookie de DART, Google puede mostrar anuncios basados en sus visitas a otros sitios web en Internet;<\/p>\n<p>Los usuarios pueden inhabilitar la cookie DART de los anuncios de Google.<\/p>\n<h3><strong>Cookies y balizas web<\/strong><\/h3>\n<p>Utilizamos cookies para almacenar informaci\u00f3n como sus preferencias personales cuando visita nuestro sitio web.<\/p>\n<p>Puede tratarse de una simple ventana emergente o de un enlace en los distintos servicios que ofrecemos, como los foros.<\/p>\n<p>Adem\u00e1s, tambi\u00e9n utilizamos publicidad de terceros en nuestro sitio web para sufragar los gastos de mantenimiento.<\/p>\n<p>Algunos de estos anunciantes pueden utilizar tecnolog\u00edas como cookies y\/o balizas web al anunciarse en nuestro sitio web,<\/p>\n<p>lo que har\u00e1 que estos anunciantes (como Google a trav\u00e9s de Google AdSense) tambi\u00e9n reciban su informaci\u00f3n personal, como su direcci\u00f3n IP, su ISP, su navegador, etc.<\/p>\n<p>Esta funci\u00f3n se utiliza generalmente para geotargeting (mostrar publicidad de Lisboa s\u00f3lo a lectores de Lisboa, por ejemplo).<\/p>\n<p>o mostrar publicidad dirigida a un tipo de usuario (como mostrar publicidad de restaurantes a un usuario que visita habitualmente sitios de cocina, por ejemplo).<\/p>\n<p>Usted tiene la posibilidad de desactivar las cookies, en las opciones de su navegador, o realizando cambios en las herramientas de los programas antivirus,<\/p>\n<p>como Norton Internet Security. Sin embargo, esto puede cambiar la forma de interactuar con nuestro sitio web u otros sitios web.<\/p>\n<p>Esto puede afectar o no permitirle iniciar sesi\u00f3n en programas, sitios web o foros de nuestra red y de otras redes.<\/p>\n<h4><strong>Enlaces a sitios de terceros<\/strong><\/h4>\n<p>Couponviagem tiene enlaces a otros sitios, que, en nuestra opini\u00f3n,<\/p>\n<p>puede contener informaci\u00f3n \/ herramientas \u00fatiles para nuestros visitantes.<\/p>\n<p>Nuestra pol\u00edtica de privacidad no se aplica a los sitios web de terceros, por lo que si visita otro sitio web desde el nuestro deber\u00e1 leer su pol\u00edtica de privacidad.<\/p>\n<p>No somos responsables de la pol\u00edtica de privacidad ni del contenido de estos sitios.<\/p>\n<\/div>","protected":false},"excerpt":{"rendered":"<p>Privacy Policy Privacy policy Our website is www.cupomviagem.com.br The Privacy Policy deals with all your personal information collected, which will be used to help make your visit to our site as productive and enjoyable as possible. The guarantee of the confidentiality of the personal data of the users of our site is important to Couponviagem [&hellip;]<\/p>\n","protected":false},"author":1,"featured_media":0,"parent":0,"menu_order":0,"comment_status":"closed","ping_status":"closed","template":"","meta":{"footnotes":""},"class_list":["post-13117","page","type-page","status-publish","hentry"],"yoast_head":"<!-- This site is optimized with the Yoast SEO plugin v27.3 - https:\/\/yoast.com\/product\/yoast-seo-wordpress\/ -->\n<title>Privacy Policy -<\/title>\n<meta name=\"description\" content=\"A Politica de privacidade trata de todas as suas informa\u00e7\u00f5es pessoais recolhidas, ser\u00e3o usadas para o ajudar a tornar a sua visita no nosso site\" \/>\n<meta name=\"robots\" content=\"index, follow, max-snippet:-1, max-image-preview:large, max-video-preview:-1\" \/>\n<link rel=\"canonical\" href=\"https:\/\/www.cupomviagem.com.br\/es\/privacy-policy\/\" \/>\n<meta property=\"og:locale\" content=\"es_MX\" \/>\n<meta property=\"og:type\" content=\"article\" \/>\n<meta property=\"og:title\" content=\"Privacy Policy -\" \/>\n<meta property=\"og:description\" content=\"A Politica de privacidade trata de todas as suas informa\u00e7\u00f5es pessoais recolhidas, ser\u00e3o usadas para o ajudar a tornar a sua visita no nosso site\" \/>\n<meta property=\"og:url\" content=\"https:\/\/www.cupomviagem.com.br\/es\/privacy-policy\/\" \/>\n<meta name=\"twitter:card\" content=\"summary_large_image\" \/>\n<meta name=\"twitter:label1\" content=\"Tiempo de lectura\" \/>\n\t<meta name=\"twitter:data1\" content=\"4 minutos\" \/>\n<script type=\"application\/ld+json\" class=\"yoast-schema-graph\">{\"@context\":\"https:\\\/\\\/schema.org\",\"@graph\":[{\"@type\":\"WebPage\",\"@id\":\"https:\\\/\\\/www.cupomviagem.com.br\\\/privacy-policy\\\/\",\"url\":\"https:\\\/\\\/www.cupomviagem.com.br\\\/privacy-policy\\\/\",\"name\":\"Privacy Policy -\",\"isPartOf\":{\"@id\":\"https:\\\/\\\/www.cupomviagem.com.br\\\/#website\"},\"datePublished\":\"2025-04-29T14:37:03+00:00\",\"description\":\"A Politica de privacidade trata de todas as suas informa\u00e7\u00f5es pessoais recolhidas, ser\u00e3o usadas para o ajudar a tornar a sua visita no nosso site\",\"breadcrumb\":{\"@id\":\"https:\\\/\\\/www.cupomviagem.com.br\\\/privacy-policy\\\/#breadcrumb\"},\"inLanguage\":\"es\",\"potentialAction\":[{\"@type\":\"ReadAction\",\"target\":[\"https:\\\/\\\/www.cupomviagem.com.br\\\/privacy-policy\\\/\"]}]},{\"@type\":\"BreadcrumbList\",\"@id\":\"https:\\\/\\\/www.cupomviagem.com.br\\\/privacy-policy\\\/#breadcrumb\",\"itemListElement\":[{\"@type\":\"ListItem\",\"position\":1,\"name\":\"In\u00edcio\",\"item\":\"https:\\\/\\\/www.cupomviagem.com.br\\\/\"},{\"@type\":\"ListItem\",\"position\":2,\"name\":\"Privacy Policy\"}]},{\"@type\":\"WebSite\",\"@id\":\"https:\\\/\\\/www.cupomviagem.com.br\\\/#website\",\"url\":\"https:\\\/\\\/www.cupomviagem.com.br\\\/\",\"name\":\"\",\"description\":\"\",\"potentialAction\":[{\"@type\":\"SearchAction\",\"target\":{\"@type\":\"EntryPoint\",\"urlTemplate\":\"https:\\\/\\\/www.cupomviagem.com.br\\\/?s={search_term_string}\"},\"query-input\":{\"@type\":\"PropertyValueSpecification\",\"valueRequired\":true,\"valueName\":\"search_term_string\"}}],\"inLanguage\":\"es\"}]}<\/script>\n<!-- \/ Yoast SEO plugin. -->","yoast_head_json":{"title":"Pol\u00edtica de privacidad -","description":"La Pol\u00edtica de Privacidad trata de toda su informaci\u00f3n personal recogida, que se utilizar\u00e1 para que su visita a nuestro sitio sea agradable.","robots":{"index":"index","follow":"follow","max-snippet":"max-snippet:-1","max-image-preview":"max-image-preview:large","max-video-preview":"max-video-preview:-1"},"canonical":"https:\/\/www.cupomviagem.com.br\/es\/privacy-policy\/","og_locale":"es_MX","og_type":"article","og_title":"Privacy Policy -","og_description":"A Politica de privacidade trata de todas as suas informa\u00e7\u00f5es pessoais recolhidas, ser\u00e3o usadas para o ajudar a tornar a sua visita no nosso site","og_url":"https:\/\/www.cupomviagem.com.br\/es\/privacy-policy\/","twitter_card":"summary_large_image","twitter_misc":{"Tiempo de lectura":"4 minutos"},"schema":{"@context":"https:\/\/schema.org","@graph":[{"@type":"WebPage","@id":"https:\/\/www.cupomviagem.com.br\/privacy-policy\/","url":"https:\/\/www.cupomviagem.com.br\/privacy-policy\/","name":"Pol\u00edtica de privacidad -","isPartOf":{"@id":"https:\/\/www.cupomviagem.com.br\/#website"},"datePublished":"2025-04-29T14:37:03+00:00","description":"La Pol\u00edtica de Privacidad trata de toda su informaci\u00f3n personal recogida, que se utilizar\u00e1 para que su visita a nuestro sitio sea agradable.","breadcrumb":{"@id":"https:\/\/www.cupomviagem.com.br\/privacy-policy\/#breadcrumb"},"inLanguage":"es","potentialAction":[{"@type":"ReadAction","target":["https:\/\/www.cupomviagem.com.br\/privacy-policy\/"]}]},{"@type":"BreadcrumbList","@id":"https:\/\/www.cupomviagem.com.br\/privacy-policy\/#breadcrumb","itemListElement":[{"@type":"ListItem","position":1,"name":"In\u00edcio","item":"https:\/\/www.cupomviagem.com.br\/"},{"@type":"ListItem","position":2,"name":"Privacy Policy"}]},{"@type":"WebSite","@id":"https:\/\/www.cupomviagem.com.br\/#website","url":"https:\/\/www.cupomviagem.com.br\/","name":"","description":"","potentialAction":[{"@type":"SearchAction","target":{"@type":"EntryPoint","urlTemplate":"https:\/\/www.cupomviagem.com.br\/?s={search_term_string}"},"query-input":{"@type":"PropertyValueSpecification","valueRequired":true,"valueName":"search_term_string"}}],"inLanguage":"es"}]}},"_links":{"self":[{"href":"https:\/\/www.cupomviagem.com.br\/es\/wp-json\/wp\/v2\/pages\/13117","targetHints":{"allow":["GET"]}}],"collection":[{"href":"https:\/\/www.cupomviagem.com.br\/es\/wp-json\/wp\/v2\/pages"}],"about":[{"href":"https:\/\/www.cupomviagem.com.br\/es\/wp-json\/wp\/v2\/types\/page"}],"author":[{"embeddable":true,"href":"https:\/\/www.cupomviagem.com.br\/es\/wp-json\/wp\/v2\/users\/1"}],"replies":[{"embeddable":true,"href":"https:\/\/www.cupomviagem.com.br\/es\/wp-json\/wp\/v2\/comments?post=13117"}],"version-history":[{"count":0,"href":"https:\/\/www.cupomviagem.com.br\/es\/wp-json\/wp\/v2\/pages\/13117\/revisions"}],"wp:attachment":[{"href":"https:\/\/www.cupomviagem.com.br\/es\/wp-json\/wp\/v2\/media?parent=13117"}],"curies":[{"name":"wp","href":"https:\/\/api.w.org\/{rel}","templated":true}]}}