{"id":13117,"date":"2025-04-29T14:37:03","date_gmt":"2025-04-29T14:37:03","guid":{"rendered":"https:\/\/www.cupomviagem.com.br\/?page_id=13117"},"modified":"2025-04-29T14:37:03","modified_gmt":"2025-04-29T14:37:03","slug":"privacy-policy","status":"publish","type":"page","link":"https:\/\/www.cupomviagem.com.br\/en\/privacy-policy\/","title":{"rendered":"Privacy Policy"},"content":{"rendered":"<div class=\"page-header\">\n<h1 class=\"entry-title\">Privacy Policy<\/h1>\n<\/div>\n<div class=\"page-content\">\n<h1><strong>Privacy policy<\/strong><\/h1>\n<p>Our website is www.cupomviagem.com.br<\/p>\n<p>The Privacy Policy deals with all your personal information collected, which will be used to help make your visit to our site as productive and enjoyable as possible.<\/p>\n<p>The guarantee of the confidentiality of the personal data of the users of our site is important to Couponviagem<\/p>\n<p>All personal information relating to members, subscribers<\/p>\n<p>customers or visitors using cupomviagem will be treated in accordance with the Personal Data Protection Act of October 26, 1998 (Act no. 67\/98).<\/p>\n<p>The personal information collected may include your name, e-mail address, telephone and\/or mobile number, address, date of birth and\/or others.<\/p>\n<p>Use of Couponviagem assumes acceptance of this Privacy Agreement.<\/p>\n<p>The couponviagem team reserves the right to change this agreement without prior notice.<\/p>\n<p>We therefore recommend that you check our privacy policy regularly so that you are always up to date.<\/p>\n<h2><strong>The ads<\/strong><\/h2>\n<p>Like other websites, we collect and use information contained in advertisements.<\/p>\n<p>The information contained in the advertisements includes your IP (Internet Protocol) address,<\/p>\n<p>your ISP (Internet Service Provider, such as Sapo, Clix, or other), the browser you used when visiting our website (such as Internet Explorer or Firefox),<\/p>\n<p>the time of your visit and which pages you visited within our website.<\/p>\n<h3><strong>DoubleClick Dart Cookie<\/strong><\/h3>\n<p>Google, as a third-party vendor, uses cookies to serve ads on our website;<\/p>\n<p>With the DART cookie, Google can display ads based on your visits to other websites on the Internet;<\/p>\n<p>Users can disable the DART cookie from Google ads.<\/p>\n<h3><strong>Cookies and Web Beacons<\/strong><\/h3>\n<p>We use cookies to store information such as your personal preferences when you visit our website.<\/p>\n<p>This could include a simple popup, or a link in various services we provide, such as forums.<\/p>\n<p>In addition, we also use third-party advertising on our website to support maintenance costs.<\/p>\n<p>Some of these advertisers may use technologies such as cookies and\/or web beacons when advertising on our website,<\/p>\n<p>which will result in these advertisers (such as Google through Google AdSense) also receiving your personal information, such as your IP address, your ISP, your browser, etc.<\/p>\n<p>This function is generally used for geotargeting (showing advertising from Lisbon only to readers from Lisbon, for example).<\/p>\n<p>or show advertising targeted at a type of user (such as showing restaurant advertising to a user who regularly visits cooking sites, for example).<\/p>\n<p>You have the power to turn off your cookies, in your browser options, or by making changes in the tools of Anti-Virus programs,<\/p>\n<p>such as Norton Internet Security. However, this may change the way you interact with our website, or other websites.<\/p>\n<p>This may affect or not allow you to log in to programs, websites or forums on our and other networks.<\/p>\n<h4><strong>Links to third-party sites<\/strong><\/h4>\n<p>Couponviagem has links to other sites, which, in our opinion,<\/p>\n<p>may contain useful information \/ tools for our visitors.<\/p>\n<p>Our privacy policy does not apply to third-party websites, so if you visit another website from ours you should read its privacy policy.<\/p>\n<p>We are not responsible for the privacy policy or content of these sites.<\/p>\n<\/div>","protected":false},"excerpt":{"rendered":"<p>Privacy Policy Privacy policy Our website is www.cupomviagem.com.br The Privacy Policy deals with all your personal information collected, which will be used to help make your visit to our site as productive and enjoyable as possible. The guarantee of the confidentiality of the personal data of the users of our site is important to Couponviagem [&hellip;]<\/p>\n","protected":false},"author":1,"featured_media":0,"parent":0,"menu_order":0,"comment_status":"closed","ping_status":"closed","template":"","meta":{"footnotes":""},"class_list":["post-13117","page","type-page","status-publish","hentry"],"yoast_head":"<!-- This site is optimized with the Yoast SEO plugin v27.3 - https:\/\/yoast.com\/product\/yoast-seo-wordpress\/ -->\n<title>Privacy Policy -<\/title>\n<meta name=\"description\" content=\"A Politica de privacidade trata de todas as suas informa\u00e7\u00f5es pessoais recolhidas, ser\u00e3o usadas para o ajudar a tornar a sua visita no nosso site\" \/>\n<meta name=\"robots\" content=\"index, follow, max-snippet:-1, max-image-preview:large, max-video-preview:-1\" \/>\n<link rel=\"canonical\" href=\"https:\/\/www.cupomviagem.com.br\/en\/privacy-policy\/\" \/>\n<meta property=\"og:locale\" content=\"en_US\" \/>\n<meta property=\"og:type\" content=\"article\" \/>\n<meta property=\"og:title\" content=\"Privacy Policy -\" \/>\n<meta property=\"og:description\" content=\"A Politica de privacidade trata de todas as suas informa\u00e7\u00f5es pessoais recolhidas, ser\u00e3o usadas para o ajudar a tornar a sua visita no nosso site\" \/>\n<meta property=\"og:url\" content=\"https:\/\/www.cupomviagem.com.br\/en\/privacy-policy\/\" \/>\n<meta name=\"twitter:card\" content=\"summary_large_image\" \/>\n<meta name=\"twitter:label1\" content=\"Est. reading time\" \/>\n\t<meta name=\"twitter:data1\" content=\"4 minutes\" \/>\n<script type=\"application\/ld+json\" class=\"yoast-schema-graph\">{\"@context\":\"https:\\\/\\\/schema.org\",\"@graph\":[{\"@type\":\"WebPage\",\"@id\":\"https:\\\/\\\/www.cupomviagem.com.br\\\/privacy-policy\\\/\",\"url\":\"https:\\\/\\\/www.cupomviagem.com.br\\\/privacy-policy\\\/\",\"name\":\"Privacy Policy -\",\"isPartOf\":{\"@id\":\"https:\\\/\\\/www.cupomviagem.com.br\\\/#website\"},\"datePublished\":\"2025-04-29T14:37:03+00:00\",\"description\":\"A Politica de privacidade trata de todas as suas informa\u00e7\u00f5es pessoais recolhidas, ser\u00e3o usadas para o ajudar a tornar a sua visita no nosso site\",\"breadcrumb\":{\"@id\":\"https:\\\/\\\/www.cupomviagem.com.br\\\/privacy-policy\\\/#breadcrumb\"},\"inLanguage\":\"en-US\",\"potentialAction\":[{\"@type\":\"ReadAction\",\"target\":[\"https:\\\/\\\/www.cupomviagem.com.br\\\/privacy-policy\\\/\"]}]},{\"@type\":\"BreadcrumbList\",\"@id\":\"https:\\\/\\\/www.cupomviagem.com.br\\\/privacy-policy\\\/#breadcrumb\",\"itemListElement\":[{\"@type\":\"ListItem\",\"position\":1,\"name\":\"In\u00edcio\",\"item\":\"https:\\\/\\\/www.cupomviagem.com.br\\\/\"},{\"@type\":\"ListItem\",\"position\":2,\"name\":\"Privacy Policy\"}]},{\"@type\":\"WebSite\",\"@id\":\"https:\\\/\\\/www.cupomviagem.com.br\\\/#website\",\"url\":\"https:\\\/\\\/www.cupomviagem.com.br\\\/\",\"name\":\"\",\"description\":\"\",\"potentialAction\":[{\"@type\":\"SearchAction\",\"target\":{\"@type\":\"EntryPoint\",\"urlTemplate\":\"https:\\\/\\\/www.cupomviagem.com.br\\\/?s={search_term_string}\"},\"query-input\":{\"@type\":\"PropertyValueSpecification\",\"valueRequired\":true,\"valueName\":\"search_term_string\"}}],\"inLanguage\":\"en-US\"}]}<\/script>\n<!-- \/ Yoast SEO plugin. -->","yoast_head_json":{"title":"Privacy Policy -","description":"The Privacy Policy deals with all your personal information collected, which will be used to help make your visit to our site a pleasant one","robots":{"index":"index","follow":"follow","max-snippet":"max-snippet:-1","max-image-preview":"max-image-preview:large","max-video-preview":"max-video-preview:-1"},"canonical":"https:\/\/www.cupomviagem.com.br\/en\/privacy-policy\/","og_locale":"en_US","og_type":"article","og_title":"Privacy Policy -","og_description":"A Politica de privacidade trata de todas as suas informa\u00e7\u00f5es pessoais recolhidas, ser\u00e3o usadas para o ajudar a tornar a sua visita no nosso site","og_url":"https:\/\/www.cupomviagem.com.br\/en\/privacy-policy\/","twitter_card":"summary_large_image","twitter_misc":{"Est. reading time":"4 minutes"},"schema":{"@context":"https:\/\/schema.org","@graph":[{"@type":"WebPage","@id":"https:\/\/www.cupomviagem.com.br\/privacy-policy\/","url":"https:\/\/www.cupomviagem.com.br\/privacy-policy\/","name":"Privacy Policy -","isPartOf":{"@id":"https:\/\/www.cupomviagem.com.br\/#website"},"datePublished":"2025-04-29T14:37:03+00:00","description":"The Privacy Policy deals with all your personal information collected, which will be used to help make your visit to our site a pleasant one","breadcrumb":{"@id":"https:\/\/www.cupomviagem.com.br\/privacy-policy\/#breadcrumb"},"inLanguage":"en-US","potentialAction":[{"@type":"ReadAction","target":["https:\/\/www.cupomviagem.com.br\/privacy-policy\/"]}]},{"@type":"BreadcrumbList","@id":"https:\/\/www.cupomviagem.com.br\/privacy-policy\/#breadcrumb","itemListElement":[{"@type":"ListItem","position":1,"name":"In\u00edcio","item":"https:\/\/www.cupomviagem.com.br\/"},{"@type":"ListItem","position":2,"name":"Privacy Policy"}]},{"@type":"WebSite","@id":"https:\/\/www.cupomviagem.com.br\/#website","url":"https:\/\/www.cupomviagem.com.br\/","name":"","description":"","potentialAction":[{"@type":"SearchAction","target":{"@type":"EntryPoint","urlTemplate":"https:\/\/www.cupomviagem.com.br\/?s={search_term_string}"},"query-input":{"@type":"PropertyValueSpecification","valueRequired":true,"valueName":"search_term_string"}}],"inLanguage":"en-US"}]}},"_links":{"self":[{"href":"https:\/\/www.cupomviagem.com.br\/en\/wp-json\/wp\/v2\/pages\/13117","targetHints":{"allow":["GET"]}}],"collection":[{"href":"https:\/\/www.cupomviagem.com.br\/en\/wp-json\/wp\/v2\/pages"}],"about":[{"href":"https:\/\/www.cupomviagem.com.br\/en\/wp-json\/wp\/v2\/types\/page"}],"author":[{"embeddable":true,"href":"https:\/\/www.cupomviagem.com.br\/en\/wp-json\/wp\/v2\/users\/1"}],"replies":[{"embeddable":true,"href":"https:\/\/www.cupomviagem.com.br\/en\/wp-json\/wp\/v2\/comments?post=13117"}],"version-history":[{"count":0,"href":"https:\/\/www.cupomviagem.com.br\/en\/wp-json\/wp\/v2\/pages\/13117\/revisions"}],"wp:attachment":[{"href":"https:\/\/www.cupomviagem.com.br\/en\/wp-json\/wp\/v2\/media?parent=13117"}],"curies":[{"name":"wp","href":"https:\/\/api.w.org\/{rel}","templated":true}]}}