{"id":13111,"date":"2025-04-29T14:34:03","date_gmt":"2025-04-29T14:34:03","guid":{"rendered":"https:\/\/www.cupomviagem.com.br\/?page_id=13111"},"modified":"2025-04-30T14:30:52","modified_gmt":"2025-04-30T14:30:52","slug":"who-we-are","status":"publish","type":"page","link":"https:\/\/www.cupomviagem.com.br\/en\/who-we-are\/","title":{"rendered":"Who We Are"},"content":{"rendered":"<div class=\"page-header\">\n<h2 class=\"entry-title\"><span style=\"font-family: -apple-system, BlinkMacSystemFont, 'Segoe UI', Roboto, 'Helvetica Neue', Arial, 'Noto Sans', sans-serif, 'Apple Color Emoji', 'Segoe UI Emoji', 'Segoe UI Symbol', 'Noto Color Emoji'; font-size: 16px;\">Welcome to <\/span><strong style=\"font-family: -apple-system, BlinkMacSystemFont, 'Segoe UI', Roboto, 'Helvetica Neue', Arial, 'Noto Sans', sans-serif, 'Apple Color Emoji', 'Segoe UI Emoji', 'Segoe UI Symbol', 'Noto Color Emoji'; font-size: 16px;\">Travel Coupon<\/strong><span style=\"font-family: -apple-system, BlinkMacSystemFont, 'Segoe UI', Roboto, 'Helvetica Neue', Arial, 'Noto Sans', sans-serif, 'Apple Color Emoji', 'Segoe UI Emoji', 'Segoe UI Symbol', 'Noto Color Emoji'; font-size: 16px;\">!<\/span><\/h2>\n<\/div>\n<div class=\"page-content\">\n<p>Your definitive portal for discovering, exploring and connecting with the world of apps! Our mission is to bring you the most in-depth analysis, practical tips and sure-fire recommendations to transform your daily life with the help of technology.<\/p>\n<h3>Our History<\/h3>\n<p>O\u00a0<strong>Travel Coupon<\/strong>\u00a0was born out of a passion for innovation and a desire to help people make the most of the digital tools available to them. Founded by a group of technology enthusiasts, we have created a space where you can find everything about applications, from the latest news to the best tricks for optimizing the use of your cell phone or computer.<\/p>\n<h3>Our Mission<\/h3>\n<p>Our mission is simple: to be your reliable guide to the world of apps. We want you to discover new ways to simplify your routine, improve your productivity, explore entertainment or even learn something new. All with clear, practical and accessible content for all levels of experience.<\/p>\n<h3>Our Team<\/h3>\n<p>In\u00a0<strong>Travel Coupon<\/strong>We have a team passionate about technology, always testing and evaluating the best apps to bring you recommendations that really work. Each member contributes a unique perspective to ensure that you have access to complete and unbiased information.<\/p>\n<h3>Join Us<\/h3>\n<p>We're excited to have you as part of our community! Follow us on social media, subscribe to our newsletter and keep up with our updates to stay on top of everything in the world of apps. At\u00a0<strong>Travel Coupon<\/strong>We believe that technology can transform lives - and we want to help you make the most of it!<\/p>\n<p>Thank you for trusting\u00a0<strong>Travel Coupon<\/strong>. Let's explore the infinite possibilities of the digital world together!<\/p>\n<p><strong>Coupon Travel Team<\/strong><\/p>\n<\/div>","protected":false},"excerpt":{"rendered":"<p>Welcome to Travel Coupon! Your definitive portal for discovering, exploring and connecting with the world of apps! Our mission is to bring you the most in-depth analysis, practical tips and sure-fire recommendations to transform your daily life with the help of technology. Our History O\u00a0Travel Coupon\u00a0was born out of a passion for innovation and a [&hellip;]<\/p>\n","protected":false},"author":1,"featured_media":0,"parent":0,"menu_order":0,"comment_status":"closed","ping_status":"closed","template":"","meta":{"footnotes":""},"class_list":["post-13111","page","type-page","status-publish","hentry"],"yoast_head":"<!-- This site is optimized with the Yoast SEO plugin v27.3 - https:\/\/yoast.com\/product\/yoast-seo-wordpress\/ -->\n<title>Who We Are -<\/title>\n<meta name=\"description\" content=\"Quem somos: \u00e9 Cupomviagem e surgiu para levar informa\u00e7\u00e3o de qualidade aos leitores brasileiros. Diariamente, nossa equipe traz novidades sobre viagens\" \/>\n<meta name=\"robots\" content=\"index, follow, max-snippet:-1, max-image-preview:large, max-video-preview:-1\" \/>\n<link rel=\"canonical\" href=\"https:\/\/www.cupomviagem.com.br\/en\/who-we-are\/\" \/>\n<meta property=\"og:locale\" content=\"en_US\" \/>\n<meta property=\"og:type\" content=\"article\" \/>\n<meta property=\"og:title\" content=\"Who We Are -\" \/>\n<meta property=\"og:description\" content=\"Quem somos: \u00e9 Cupomviagem e surgiu para levar informa\u00e7\u00e3o de qualidade aos leitores brasileiros. Diariamente, nossa equipe traz novidades sobre viagens\" \/>\n<meta property=\"og:url\" content=\"https:\/\/www.cupomviagem.com.br\/en\/who-we-are\/\" \/>\n<meta property=\"article:modified_time\" content=\"2025-04-30T14:30:52+00:00\" \/>\n<meta name=\"twitter:card\" content=\"summary_large_image\" \/>\n<meta name=\"twitter:label1\" content=\"Est. reading time\" \/>\n\t<meta name=\"twitter:data1\" content=\"2 minutes\" \/>\n<script type=\"application\/ld+json\" class=\"yoast-schema-graph\">{\"@context\":\"https:\\\/\\\/schema.org\",\"@graph\":[{\"@type\":\"WebPage\",\"@id\":\"https:\\\/\\\/www.cupomviagem.com.br\\\/who-we-are\\\/\",\"url\":\"https:\\\/\\\/www.cupomviagem.com.br\\\/who-we-are\\\/\",\"name\":\"Who We Are -\",\"isPartOf\":{\"@id\":\"https:\\\/\\\/www.cupomviagem.com.br\\\/#website\"},\"datePublished\":\"2025-04-29T14:34:03+00:00\",\"dateModified\":\"2025-04-30T14:30:52+00:00\",\"description\":\"Quem somos: \u00e9 Cupomviagem e surgiu para levar informa\u00e7\u00e3o de qualidade aos leitores brasileiros. Diariamente, nossa equipe traz novidades sobre viagens\",\"breadcrumb\":{\"@id\":\"https:\\\/\\\/www.cupomviagem.com.br\\\/who-we-are\\\/#breadcrumb\"},\"inLanguage\":\"en-US\",\"potentialAction\":[{\"@type\":\"ReadAction\",\"target\":[\"https:\\\/\\\/www.cupomviagem.com.br\\\/who-we-are\\\/\"]}]},{\"@type\":\"BreadcrumbList\",\"@id\":\"https:\\\/\\\/www.cupomviagem.com.br\\\/who-we-are\\\/#breadcrumb\",\"itemListElement\":[{\"@type\":\"ListItem\",\"position\":1,\"name\":\"In\u00edcio\",\"item\":\"https:\\\/\\\/www.cupomviagem.com.br\\\/\"},{\"@type\":\"ListItem\",\"position\":2,\"name\":\"Who We Are\"}]},{\"@type\":\"WebSite\",\"@id\":\"https:\\\/\\\/www.cupomviagem.com.br\\\/#website\",\"url\":\"https:\\\/\\\/www.cupomviagem.com.br\\\/\",\"name\":\"\",\"description\":\"\",\"potentialAction\":[{\"@type\":\"SearchAction\",\"target\":{\"@type\":\"EntryPoint\",\"urlTemplate\":\"https:\\\/\\\/www.cupomviagem.com.br\\\/?s={search_term_string}\"},\"query-input\":{\"@type\":\"PropertyValueSpecification\",\"valueRequired\":true,\"valueName\":\"search_term_string\"}}],\"inLanguage\":\"en-US\"}]}<\/script>\n<!-- \/ Yoast SEO plugin. -->","yoast_head_json":{"title":"Who We Are -","description":"Who we are: Cupomviagem was created to bring quality information to Brazilian readers. Every day, our team brings you the latest travel news","robots":{"index":"index","follow":"follow","max-snippet":"max-snippet:-1","max-image-preview":"max-image-preview:large","max-video-preview":"max-video-preview:-1"},"canonical":"https:\/\/www.cupomviagem.com.br\/en\/who-we-are\/","og_locale":"en_US","og_type":"article","og_title":"Who We Are -","og_description":"Quem somos: \u00e9 Cupomviagem e surgiu para levar informa\u00e7\u00e3o de qualidade aos leitores brasileiros. Diariamente, nossa equipe traz novidades sobre viagens","og_url":"https:\/\/www.cupomviagem.com.br\/en\/who-we-are\/","article_modified_time":"2025-04-30T14:30:52+00:00","twitter_card":"summary_large_image","twitter_misc":{"Est. reading time":"2 minutes"},"schema":{"@context":"https:\/\/schema.org","@graph":[{"@type":"WebPage","@id":"https:\/\/www.cupomviagem.com.br\/who-we-are\/","url":"https:\/\/www.cupomviagem.com.br\/who-we-are\/","name":"Who We Are -","isPartOf":{"@id":"https:\/\/www.cupomviagem.com.br\/#website"},"datePublished":"2025-04-29T14:34:03+00:00","dateModified":"2025-04-30T14:30:52+00:00","description":"Who we are: Cupomviagem was created to bring quality information to Brazilian readers. Every day, our team brings you the latest travel news","breadcrumb":{"@id":"https:\/\/www.cupomviagem.com.br\/who-we-are\/#breadcrumb"},"inLanguage":"en-US","potentialAction":[{"@type":"ReadAction","target":["https:\/\/www.cupomviagem.com.br\/who-we-are\/"]}]},{"@type":"BreadcrumbList","@id":"https:\/\/www.cupomviagem.com.br\/who-we-are\/#breadcrumb","itemListElement":[{"@type":"ListItem","position":1,"name":"In\u00edcio","item":"https:\/\/www.cupomviagem.com.br\/"},{"@type":"ListItem","position":2,"name":"Who We Are"}]},{"@type":"WebSite","@id":"https:\/\/www.cupomviagem.com.br\/#website","url":"https:\/\/www.cupomviagem.com.br\/","name":"","description":"","potentialAction":[{"@type":"SearchAction","target":{"@type":"EntryPoint","urlTemplate":"https:\/\/www.cupomviagem.com.br\/?s={search_term_string}"},"query-input":{"@type":"PropertyValueSpecification","valueRequired":true,"valueName":"search_term_string"}}],"inLanguage":"en-US"}]}},"_links":{"self":[{"href":"https:\/\/www.cupomviagem.com.br\/en\/wp-json\/wp\/v2\/pages\/13111","targetHints":{"allow":["GET"]}}],"collection":[{"href":"https:\/\/www.cupomviagem.com.br\/en\/wp-json\/wp\/v2\/pages"}],"about":[{"href":"https:\/\/www.cupomviagem.com.br\/en\/wp-json\/wp\/v2\/types\/page"}],"author":[{"embeddable":true,"href":"https:\/\/www.cupomviagem.com.br\/en\/wp-json\/wp\/v2\/users\/1"}],"replies":[{"embeddable":true,"href":"https:\/\/www.cupomviagem.com.br\/en\/wp-json\/wp\/v2\/comments?post=13111"}],"version-history":[{"count":0,"href":"https:\/\/www.cupomviagem.com.br\/en\/wp-json\/wp\/v2\/pages\/13111\/revisions"}],"wp:attachment":[{"href":"https:\/\/www.cupomviagem.com.br\/en\/wp-json\/wp\/v2\/media?parent=13111"}],"curies":[{"name":"wp","href":"https:\/\/api.w.org\/{rel}","templated":true}]}}